{"id":100,"date":"2023-12-09T13:38:59","date_gmt":"2023-12-09T16:38:59","guid":{"rendered":"http:\/\/cliknews.com.ar\/?page_id=100"},"modified":"2024-10-01T20:02:48","modified_gmt":"2024-10-01T23:02:48","slug":"100-2","status":"publish","type":"page","link":"https:\/\/cliknews.com.ar\/","title":{"rendered":"Inicio"},"content":{"rendered":"<section class=\"wpb-content-wrapper\"><p>[vc_row css_animation=&#8221;&#8221; row_type=&#8221;row&#8221; use_row_as_full_screen_section=&#8221;no&#8221; type=&#8221;full_width&#8221; angled_section=&#8221;no&#8221; text_align=&#8221;left&#8221; background_image_as_pattern=&#8221;without_pattern&#8221; css=&#8221;.vc_custom_1719871608403{padding-top: 170px !important;}&#8221; z_index=&#8221;&#8221;][vc_column]\n<div class='latest_post_holder image_in_box  ' >\n    <ul>\n    \n        <li class=\"clearfix\">\n            <div class=\"latest_post\"  >\n                <div class=\"latest_post_image clearfix\">\n                    <a itemprop=\"url\" href=\"https:\/\/cliknews.com.ar\/?p=182\">\n                        <img loading=\"lazy\" decoding=\"async\" width=\"150\" height=\"150\" src=\"https:\/\/cliknews.com.ar\/wp-content\/uploads\/2024\/10\/Radeon-RX-7900-150x150.jpeg\" class=\"attachment-thumbnail size-thumbnail\" alt=\"\" srcset=\"https:\/\/cliknews.com.ar\/wp-content\/uploads\/2024\/10\/Radeon-RX-7900-150x150.jpeg 150w, https:\/\/cliknews.com.ar\/wp-content\/uploads\/2024\/10\/Radeon-RX-7900-570x570.jpeg 570w, https:\/\/cliknews.com.ar\/wp-content\/uploads\/2024\/10\/Radeon-RX-7900-500x500.jpeg 500w\" sizes=\"(max-width: 150px) 100vw, 150px\" \/>                    <\/a>\n                <\/div>\n\n\n                <div class=\"latest_post_text\">\n                    <div class=\"latest_post_inner\">\n                        <div class=\"latest_post_text_inner\">\n                            <h5 itemprop=\"name\" class=\"latest_post_title entry_title\"><a itemprop=\"url\" href=\"https:\/\/cliknews.com.ar\/?p=182\">El futuro de las tarjetas gr\u00e1ficas<\/a><\/h5>\n                            <p class=\"excerpt\">NVIDIA ha dado un nuevo paso adelante en el mundo de las tarjetas gr\u00e1ficas con el lanzamiento de su esperada serie RTX 5000, que promete revolucionar la experiencia de juego y el rendimiento en aplicaciones profesionales. La nueva arquitectura Ada Lovelace, junto con el aumento......<\/p>\n                            <span class=\"post_infos\">\n                                \n                                \n                                \n                                \n                                                            <\/span>\n                        <\/div>\n                    <\/div>\n                <\/div>\n            <\/div>\n        <\/li>\n        \n        <li class=\"clearfix\">\n            <div class=\"latest_post\"  >\n                <div class=\"latest_post_image clearfix\">\n                    <a itemprop=\"url\" href=\"https:\/\/cliknews.com.ar\/?p=164\">\n                        <img loading=\"lazy\" decoding=\"async\" width=\"150\" height=\"150\" src=\"https:\/\/cliknews.com.ar\/wp-content\/uploads\/2023\/12\/Windows-1-150x150.webp\" class=\"attachment-thumbnail size-thumbnail\" alt=\"\" srcset=\"https:\/\/cliknews.com.ar\/wp-content\/uploads\/2023\/12\/Windows-1-150x150.webp 150w, https:\/\/cliknews.com.ar\/wp-content\/uploads\/2023\/12\/Windows-1-570x570.webp 570w, https:\/\/cliknews.com.ar\/wp-content\/uploads\/2023\/12\/Windows-1-500x500.webp 500w\" sizes=\"(max-width: 150px) 100vw, 150px\" \/>                    <\/a>\n                <\/div>\n\n\n                <div class=\"latest_post_text\">\n                    <div class=\"latest_post_inner\">\n                        <div class=\"latest_post_text_inner\">\n                            <h5 itemprop=\"name\" class=\"latest_post_title entry_title\"><a itemprop=\"url\" href=\"https:\/\/cliknews.com.ar\/?p=164\">\u00bfQu\u00e9 se necesita para implantar m\u00e1quinas virtuales?<\/a><\/h5>\n                            <p class=\"excerpt\">A continuaci\u00f3n encontrar\u00e1 las directrices b\u00e1sicas recomendadas para una emulaci\u00f3n de sistemas de alta calidad. Procesador Intel o AMD reciente 512 MB de RAM (Cuanta m\u00e1s RAM tenga, mejor ser\u00e1 la velocidad de la m\u00e1quina virtual) El espacio libre en disco var\u00eda en funci\u00f3n de......<\/p>\n                            <span class=\"post_infos\">\n                                \n                                \n                                \n                                \n                                                            <\/span>\n                        <\/div>\n                    <\/div>\n                <\/div>\n            <\/div>\n        <\/li>\n        \n        <li class=\"clearfix\">\n            <div class=\"latest_post\"  >\n                <div class=\"latest_post_image clearfix\">\n                    <a itemprop=\"url\" href=\"https:\/\/cliknews.com.ar\/?p=161\">\n                        <img loading=\"lazy\" decoding=\"async\" width=\"150\" height=\"150\" src=\"https:\/\/cliknews.com.ar\/wp-content\/uploads\/2023\/12\/Virtual-scaled-1-150x150.webp\" class=\"attachment-thumbnail size-thumbnail\" alt=\"\" srcset=\"https:\/\/cliknews.com.ar\/wp-content\/uploads\/2023\/12\/Virtual-scaled-1-150x150.webp 150w, https:\/\/cliknews.com.ar\/wp-content\/uploads\/2023\/12\/Virtual-scaled-1-570x570.webp 570w, https:\/\/cliknews.com.ar\/wp-content\/uploads\/2023\/12\/Virtual-scaled-1-500x500.webp 500w, https:\/\/cliknews.com.ar\/wp-content\/uploads\/2023\/12\/Virtual-scaled-1-1000x1000.webp 1000w\" sizes=\"(max-width: 150px) 100vw, 150px\" \/>                    <\/a>\n                <\/div>\n\n\n                <div class=\"latest_post_text\">\n                    <div class=\"latest_post_inner\">\n                        <div class=\"latest_post_text_inner\">\n                            <h5 itemprop=\"name\" class=\"latest_post_title entry_title\"><a itemprop=\"url\" href=\"https:\/\/cliknews.com.ar\/?p=161\">\u00bfQu\u00e9 son las M\u00e1quinas Virtuales?<\/a><\/h5>\n                            <p class=\"excerpt\">\u00bfAlguna vez te preguntaste c\u00f3mo podemos tener varios sistemas operativos en una misma computadora? La respuesta es: gracias a las m\u00e1quinas virtuales Estamos hablando de crear mundos digitales dentro de tu dispositivo. Las m\u00e1quinas virtuales te permiten correr varios sistemas operativos simult\u00e1neamente, es como tener......<\/p>\n                            <span class=\"post_infos\">\n                                \n                                \n                                \n                                \n                                                            <\/span>\n                        <\/div>\n                    <\/div>\n                <\/div>\n            <\/div>\n        <\/li>\n        \n        <li class=\"clearfix\">\n            <div class=\"latest_post\"  >\n                <div class=\"latest_post_image clearfix\">\n                    <a itemprop=\"url\" href=\"https:\/\/cliknews.com.ar\/?p=158\">\n                        <img loading=\"lazy\" decoding=\"async\" width=\"150\" height=\"150\" src=\"https:\/\/cliknews.com.ar\/wp-content\/uploads\/2023\/12\/Linux-1-150x150.webp\" class=\"attachment-thumbnail size-thumbnail\" alt=\"\" srcset=\"https:\/\/cliknews.com.ar\/wp-content\/uploads\/2023\/12\/Linux-1-150x150.webp 150w, https:\/\/cliknews.com.ar\/wp-content\/uploads\/2023\/12\/Linux-1-570x570.webp 570w, https:\/\/cliknews.com.ar\/wp-content\/uploads\/2023\/12\/Linux-1-500x500.webp 500w\" sizes=\"(max-width: 150px) 100vw, 150px\" \/>                    <\/a>\n                <\/div>\n\n\n                <div class=\"latest_post_text\">\n                    <div class=\"latest_post_inner\">\n                        <div class=\"latest_post_text_inner\">\n                            <h5 itemprop=\"name\" class=\"latest_post_title entry_title\"><a itemprop=\"url\" href=\"https:\/\/cliknews.com.ar\/?p=158\">Lo nuevo de Linux<\/a><\/h5>\n                            <p class=\"excerpt\">Poco a poco Linux va creciendo, aunque es cierto que lo hace sin llegar a\u00fan al gran p\u00fablico que ocupan\u00a0Windows,\u00a0macOS\u00a0o\u00a0Android. No obstante, la ca\u00edda en el uso de PC de escritorio tiene algo que ver, y es que las\u00a0principales distros de Linux\u00a0siguen siendo para PC.......<\/p>\n                            <span class=\"post_infos\">\n                                \n                                \n                                \n                                \n                                                            <\/span>\n                        <\/div>\n                    <\/div>\n                <\/div>\n            <\/div>\n        <\/li>\n        \n        <li class=\"clearfix\">\n            <div class=\"latest_post\"  >\n                <div class=\"latest_post_image clearfix\">\n                    <a itemprop=\"url\" href=\"https:\/\/cliknews.com.ar\/?p=155\">\n                        <img loading=\"lazy\" decoding=\"async\" width=\"150\" height=\"150\" src=\"https:\/\/cliknews.com.ar\/wp-content\/uploads\/2023\/12\/Artificial-1-150x150.webp\" class=\"attachment-thumbnail size-thumbnail\" alt=\"\" srcset=\"https:\/\/cliknews.com.ar\/wp-content\/uploads\/2023\/12\/Artificial-1-150x150.webp 150w, https:\/\/cliknews.com.ar\/wp-content\/uploads\/2023\/12\/Artificial-1-570x570.webp 570w, https:\/\/cliknews.com.ar\/wp-content\/uploads\/2023\/12\/Artificial-1-500x500.webp 500w, https:\/\/cliknews.com.ar\/wp-content\/uploads\/2023\/12\/Artificial-1-1000x1000.webp 1000w\" sizes=\"(max-width: 150px) 100vw, 150px\" \/>                    <\/a>\n                <\/div>\n\n\n                <div class=\"latest_post_text\">\n                    <div class=\"latest_post_inner\">\n                        <div class=\"latest_post_text_inner\">\n                            <h5 itemprop=\"name\" class=\"latest_post_title entry_title\"><a itemprop=\"url\" href=\"https:\/\/cliknews.com.ar\/?p=155\">La inteligencia artificial capaz de predecir la muerte<\/a><\/h5>\n                            <p class=\"excerpt\">Crean una inteligencia artificial capaz de predecir la muerte de una persona para los pr\u00f3ximos cuatro a\u00f1os de su vida Este sistema, bautizado como &#8216;life2vec&#8217;, tambi\u00e9n es capaz de vaticinar aspectos sobre la personalidad de la gente, como su grado de sociabilidad Sus creadores buscan......<\/p>\n                            <span class=\"post_infos\">\n                                \n                                \n                                \n                                \n                                                            <\/span>\n                        <\/div>\n                    <\/div>\n                <\/div>\n            <\/div>\n        <\/li>\n        \n        <li class=\"clearfix\">\n            <div class=\"latest_post\"  >\n                <div class=\"latest_post_image clearfix\">\n                    <a itemprop=\"url\" href=\"https:\/\/cliknews.com.ar\/?p=137\">\n                        <img loading=\"lazy\" decoding=\"async\" width=\"150\" height=\"150\" src=\"https:\/\/cliknews.com.ar\/wp-content\/uploads\/2023\/12\/Nota-1-150x150.jpg\" class=\"attachment-thumbnail size-thumbnail\" alt=\"\" srcset=\"https:\/\/cliknews.com.ar\/wp-content\/uploads\/2023\/12\/Nota-1-150x150.jpg 150w, https:\/\/cliknews.com.ar\/wp-content\/uploads\/2023\/12\/Nota-1-570x570.jpg 570w, https:\/\/cliknews.com.ar\/wp-content\/uploads\/2023\/12\/Nota-1-500x500.jpg 500w\" sizes=\"(max-width: 150px) 100vw, 150px\" \/>                    <\/a>\n                <\/div>\n\n\n                <div class=\"latest_post_text\">\n                    <div class=\"latest_post_inner\">\n                        <div class=\"latest_post_text_inner\">\n                            <h5 itemprop=\"name\" class=\"latest_post_title entry_title\"><a itemprop=\"url\" href=\"https:\/\/cliknews.com.ar\/?p=137\">Lo que hay y lo que viene<\/a><\/h5>\n                            <p class=\"excerpt\">Con 60 a\u00f1os de historia, la carrera de Computaci\u00f3n sigue siendo una de las m\u00e1s elegidas de Exactas, respaldada en un plantel docente de gran prestigio acad\u00e9mico y profesional. En un mundo atravesado por tecnolog\u00edas en permanente evoluci\u00f3n, tres destacados profesores e investigadores reflexionan sobre......<\/p>\n                            <span class=\"post_infos\">\n                                \n                                \n                                \n                                \n                                                            <\/span>\n                        <\/div>\n                    <\/div>\n                <\/div>\n            <\/div>\n        <\/li>\n        \n        <li class=\"clearfix\">\n            <div class=\"latest_post\"  >\n                <div class=\"latest_post_image clearfix\">\n                    <a itemprop=\"url\" href=\"https:\/\/cliknews.com.ar\/?p=133\">\n                        <img loading=\"lazy\" decoding=\"async\" width=\"150\" height=\"150\" src=\"https:\/\/cliknews.com.ar\/wp-content\/uploads\/2023\/12\/Startup-1-150x150.webp\" class=\"attachment-thumbnail size-thumbnail\" alt=\"\" srcset=\"https:\/\/cliknews.com.ar\/wp-content\/uploads\/2023\/12\/Startup-1-150x150.webp 150w, https:\/\/cliknews.com.ar\/wp-content\/uploads\/2023\/12\/Startup-1-570x570.webp 570w, https:\/\/cliknews.com.ar\/wp-content\/uploads\/2023\/12\/Startup-1-500x500.webp 500w, https:\/\/cliknews.com.ar\/wp-content\/uploads\/2023\/12\/Startup-1-1000x1000.webp 1000w\" sizes=\"(max-width: 150px) 100vw, 150px\" \/>                    <\/a>\n                <\/div>\n\n\n                <div class=\"latest_post_text\">\n                    <div class=\"latest_post_inner\">\n                        <div class=\"latest_post_text_inner\">\n                            <h5 itemprop=\"name\" class=\"latest_post_title entry_title\"><a itemprop=\"url\" href=\"https:\/\/cliknews.com.ar\/?p=133\">La pr\u00f3xima revoluci\u00f3n<\/a><\/h5>\n                            <p class=\"excerpt\">Proyectos y startups de computaci\u00f3n cu\u00e1ntica que llevan la inform\u00e1tica al siguiente nivel La\u00a0computaci\u00f3n cu\u00e1ntica\u00a0es una de las tendencias tecnol\u00f3gicas m\u00e1s prometedoras de cara al futuro, con un valor previsto para el 2035 de hasta 1,27 billones de d\u00f3lares. Aunque la tecnolog\u00eda a\u00fan se encuentra......<\/p>\n                            <span class=\"post_infos\">\n                                \n                                \n                                \n                                \n                                                            <\/span>\n                        <\/div>\n                    <\/div>\n                <\/div>\n            <\/div>\n        <\/li>\n        \n        <li class=\"clearfix\">\n            <div class=\"latest_post\"  >\n                <div class=\"latest_post_image clearfix\">\n                    <a itemprop=\"url\" href=\"https:\/\/cliknews.com.ar\/?p=112\">\n                        <img loading=\"lazy\" decoding=\"async\" width=\"150\" height=\"150\" src=\"https:\/\/cliknews.com.ar\/wp-content\/uploads\/2023\/12\/Cuantica-1-1-150x150.jpg\" class=\"attachment-thumbnail size-thumbnail\" alt=\"\" srcset=\"https:\/\/cliknews.com.ar\/wp-content\/uploads\/2023\/12\/Cuantica-1-1-150x150.jpg 150w, https:\/\/cliknews.com.ar\/wp-content\/uploads\/2023\/12\/Cuantica-1-1-570x570.jpg 570w, https:\/\/cliknews.com.ar\/wp-content\/uploads\/2023\/12\/Cuantica-1-1-500x500.jpg 500w\" sizes=\"(max-width: 150px) 100vw, 150px\" \/>                    <\/a>\n                <\/div>\n\n\n                <div class=\"latest_post_text\">\n                    <div class=\"latest_post_inner\">\n                        <div class=\"latest_post_text_inner\">\n                            <h5 itemprop=\"name\" class=\"latest_post_title entry_title\"><a itemprop=\"url\" href=\"https:\/\/cliknews.com.ar\/?p=112\">El A\u00f1o Internacional de la Ciencia y la Tecnolog\u00eda Cu\u00e1nticas<\/a><\/h5>\n                            <p class=\"excerpt\">M\u00e1s de 300 empresas, instituciones y expertos de todo el mundo han firmado una carta abierta dirigida a la UNESCO para apoyar la\u00a0proclamaci\u00f3n de 2025 como el A\u00f1o Internacional de la Ciencia y la Tecnolog\u00eda Cu\u00e1nticas, a la que BBVA se ha unido como \u00fanico......<\/p>\n                            <span class=\"post_infos\">\n                                \n                                \n                                \n                                \n                                                            <\/span>\n                        <\/div>\n                    <\/div>\n                <\/div>\n            <\/div>\n        <\/li>\n        \n        <li class=\"clearfix\">\n            <div class=\"latest_post\"  >\n                <div class=\"latest_post_image clearfix\">\n                    <a itemprop=\"url\" href=\"https:\/\/cliknews.com.ar\/?p=109\">\n                        <img loading=\"lazy\" decoding=\"async\" width=\"150\" height=\"150\" src=\"https:\/\/cliknews.com.ar\/wp-content\/uploads\/2023\/12\/Amazonwebp-1-150x150.webp\" class=\"attachment-thumbnail size-thumbnail\" alt=\"\" srcset=\"https:\/\/cliknews.com.ar\/wp-content\/uploads\/2023\/12\/Amazonwebp-1-150x150.webp 150w, https:\/\/cliknews.com.ar\/wp-content\/uploads\/2023\/12\/Amazonwebp-1-570x570.webp 570w, https:\/\/cliknews.com.ar\/wp-content\/uploads\/2023\/12\/Amazonwebp-1-500x500.webp 500w\" sizes=\"(max-width: 150px) 100vw, 150px\" \/>                    <\/a>\n                <\/div>\n\n\n                <div class=\"latest_post_text\">\n                    <div class=\"latest_post_inner\">\n                        <div class=\"latest_post_text_inner\">\n                            <h5 itemprop=\"name\" class=\"latest_post_title entry_title\"><a itemprop=\"url\" href=\"https:\/\/cliknews.com.ar\/?p=109\">\u00bfC\u00f3mo es Amazon Q?<\/a><\/h5>\n                            <p class=\"excerpt\">la nueva plataforma de inteligencia artificial que batalla contra OpenAI y Microsoft con su propio chatbot En un mundo revolucionado\u00a0por la\u00a0inteligencia artificial\u00a0donde\u00a0OpenAI\u00a0comenz\u00f3 siendo el protagonista con su\u00a0ChatGPT\u00a0y\u00a0Microsoft\u00a0no se quiso quedar atr\u00e1s, presentando\u00a0Copilot, ahora\u00a0Amazon\u00a0se sum\u00f3 a la carrera y\u00a0la compa\u00f1\u00eda fundada por Jeff Bezos acaba de......<\/p>\n                            <span class=\"post_infos\">\n                                \n                                \n                                \n                                \n                                                            <\/span>\n                        <\/div>\n                    <\/div>\n                <\/div>\n            <\/div>\n        <\/li>\n        \n        <li class=\"clearfix\">\n            <div class=\"latest_post\"  >\n                <div class=\"latest_post_image clearfix\">\n                    <a itemprop=\"url\" href=\"https:\/\/cliknews.com.ar\/?p=42\">\n                        <img loading=\"lazy\" decoding=\"async\" width=\"150\" height=\"150\" src=\"https:\/\/cliknews.com.ar\/wp-content\/uploads\/2023\/12\/Wendys-1-150x150.webp\" class=\"attachment-thumbnail size-thumbnail\" alt=\"\" srcset=\"https:\/\/cliknews.com.ar\/wp-content\/uploads\/2023\/12\/Wendys-1-150x150.webp 150w, https:\/\/cliknews.com.ar\/wp-content\/uploads\/2023\/12\/Wendys-1-570x570.webp 570w, https:\/\/cliknews.com.ar\/wp-content\/uploads\/2023\/12\/Wendys-1-500x500.webp 500w, https:\/\/cliknews.com.ar\/wp-content\/uploads\/2023\/12\/Wendys-1-1000x1000.webp 1000w\" sizes=\"(max-width: 150px) 100vw, 150px\" \/>                    <\/a>\n                <\/div>\n\n\n                <div class=\"latest_post_text\">\n                    <div class=\"latest_post_inner\">\n                        <div class=\"latest_post_text_inner\">\n                            <h5 itemprop=\"name\" class=\"latest_post_title entry_title\"><a itemprop=\"url\" href=\"https:\/\/cliknews.com.ar\/?p=42\">Inteligencia Artificial en las grandes cadenas de restaurantes<\/a><\/h5>\n                            <p class=\"excerpt\">Wendy\u2019s, la cadena de comida r\u00e1pida conocida por sus hamburguesas, ha comenzado a utilizar inteligencia artificial para mejorar diversas \u00e1reas de su negocio. Desde incorporar sistemas de IA en sus programas de atenci\u00f3n al cliente hasta gestionar inventarios y optimizar la eficiencia de las operaciones......<\/p>\n                            <span class=\"post_infos\">\n                                \n                                \n                                \n                                \n                                                            <\/span>\n                        <\/div>\n                    <\/div>\n                <\/div>\n            <\/div>\n        <\/li>\n        \n    <\/ul>\n<\/div>[\/vc_column][\/vc_row][vc_row css_animation=&#8221;&#8221; row_type=&#8221;row&#8221; use_row_as_full_screen_section=&#8221;no&#8221; type=&#8221;full_width&#8221; angled_section=&#8221;no&#8221; text_align=&#8221;left&#8221; background_image_as_pattern=&#8221;without_pattern&#8221;][vc_column][vc_text_separator title=&#8221;Ads&#8221; border=&#8221;no&#8221; background_color=&#8221;#e45e77&#8243;][vc_separator type=&#8221;transparent&#8221; up=&#8221;10&#8243; down=&#8221;10&#8243;][\/vc_column][\/vc_row][vc_row css_animation=&#8221;&#8221; row_type=&#8221;row&#8221; use_row_as_full_screen_section=&#8221;no&#8221; type=&#8221;full_width&#8221; angled_section=&#8221;no&#8221; text_align=&#8221;left&#8221; background_image_as_pattern=&#8221;without_pattern&#8221;][vc_column width=&#8221;1\/3&#8243;][vc_single_image image=&#8221;51&#8243; img_size=&#8221;full&#8221; alignment=&#8221;center&#8221; onclick=&#8221;custom_link&#8221; img_link_target=&#8221;_blank&#8221; qode_css_animation=&#8221;&#8221; link=&#8221;https:\/\/www.uala.com.ar\/&#8221;][\/vc_column][vc_column width=&#8221;1\/3&#8243;][vc_single_image image=&#8221;50&#8243; img_size=&#8221;full&#8221; alignment=&#8221;center&#8221; onclick=&#8221;custom_link&#8221; img_link_target=&#8221;_blank&#8221; qode_css_animation=&#8221;&#8221; link=&#8221;https:\/\/www.culturajean.com.ar\/&#8221;][\/vc_column][vc_column width=&#8221;1\/3&#8243;][vc_single_image image=&#8221;49&#8243; img_size=&#8221;full&#8221; alignment=&#8221;center&#8221; onclick=&#8221;custom_link&#8221; img_link_target=&#8221;_blank&#8221; qode_css_animation=&#8221;&#8221; link=&#8221;https:\/\/www.facebook.com\/RosarioCrear\/&#8221;][\/vc_column][\/vc_row][vc_row css_animation=&#8221;&#8221; row_type=&#8221;row&#8221; use_row_as_full_screen_section=&#8221;no&#8221; type=&#8221;full_width&#8221; angled_section=&#8221;no&#8221; text_align=&#8221;left&#8221; background_image_as_pattern=&#8221;without_pattern&#8221;][vc_column][vc_separator type=&#8221;transparent&#8221; up=&#8221;10&#8243; down=&#8221;10&#8243;][\/vc_column][\/vc_row][vc_row css_animation=&#8221;&#8221; row_type=&#8221;row&#8221; use_row_as_full_screen_section=&#8221;no&#8221; type=&#8221;full_width&#8221; angled_section=&#8221;no&#8221; text_align=&#8221;left&#8221; background_image_as_pattern=&#8221;without_pattern&#8221;][vc_column width=&#8221;1\/3&#8243;][vc_single_image image=&#8221;46&#8243; img_size=&#8221;full&#8221; alignment=&#8221;center&#8221; onclick=&#8221;custom_link&#8221; img_link_target=&#8221;_blank&#8221; qode_css_animation=&#8221;&#8221; link=&#8221;https:\/\/www.cordobaturismo.gov.ar\/&#8221;][\/vc_column][vc_column width=&#8221;1\/3&#8243;][vc_single_image image=&#8221;47&#8243; img_size=&#8221;full&#8221; alignment=&#8221;center&#8221; onclick=&#8221;custom_link&#8221; img_link_target=&#8221;_blank&#8221; qode_css_animation=&#8221;&#8221; link=&#8221;https:\/\/hostea.ar\/&#8221;][\/vc_column][vc_column width=&#8221;1\/3&#8243;][vc_single_image image=&#8221;48&#8243; img_size=&#8221;full&#8221; alignment=&#8221;center&#8221; onclick=&#8221;custom_link&#8221; img_link_target=&#8221;_blank&#8221; qode_css_animation=&#8221;&#8221; link=&#8221;https:\/\/late931.com.ar\/&#8221;][\/vc_column][\/vc_row][vc_row css_animation=&#8221;&#8221; row_type=&#8221;row&#8221; use_row_as_full_screen_section=&#8221;no&#8221; type=&#8221;full_width&#8221; angled_section=&#8221;no&#8221; text_align=&#8221;left&#8221; background_image_as_pattern=&#8221;without_pattern&#8221;][vc_column][vc_separator type=&#8221;normal&#8221; color=&#8221;#ffffff&#8221; up=&#8221;10&#8243; down=&#8221;10&#8243;][\/vc_column][\/vc_row]<\/p>\n<\/section>","protected":false},"excerpt":{"rendered":"<p>[vc_row css_animation=&#8221;&#8221; row_type=&#8221;row&#8221; use_row_as_full_screen_section=&#8221;no&#8221; type=&#8221;full_width&#8221; angled_section=&#8221;no&#8221; text_align=&#8221;left&#8221; background_image_as_pattern=&#8221;without_pattern&#8221; css=&#8221;.vc_custom_1719871608403{padding-top: 170px !important;}&#8221; z_index=&#8221;&#8221;][vc_column][\/vc_column][\/vc_row][vc_row css_animation=&#8221;&#8221; row_type=&#8221;row&#8221; use_row_as_full_screen_section=&#8221;no&#8221; type=&#8221;full_width&#8221; angled_section=&#8221;no&#8221; text_align=&#8221;left&#8221; background_image_as_pattern=&#8221;without_pattern&#8221;][vc_column][vc_text_separator title=&#8221;Ads&#8221; border=&#8221;no&#8221; background_color=&#8221;#e45e77&#8243;][vc_separator type=&#8221;transparent&#8221; up=&#8221;10&#8243; down=&#8221;10&#8243;][\/vc_column][\/vc_row][vc_row css_animation=&#8221;&#8221; row_type=&#8221;row&#8221; use_row_as_full_screen_section=&#8221;no&#8221; type=&#8221;full_width&#8221; angled_section=&#8221;no&#8221; text_align=&#8221;left&#8221; background_image_as_pattern=&#8221;without_pattern&#8221;][vc_column width=&#8221;1\/3&#8243;][vc_single_image image=&#8221;51&#8243; img_size=&#8221;full&#8221; alignment=&#8221;center&#8221; onclick=&#8221;custom_link&#8221; img_link_target=&#8221;_blank&#8221; qode_css_animation=&#8221;&#8221; link=&#8221;https:\/\/www.uala.com.ar\/&#8221;][\/vc_column][vc_column width=&#8221;1\/3&#8243;][vc_single_image image=&#8221;50&#8243; img_size=&#8221;full&#8221; alignment=&#8221;center&#8221; onclick=&#8221;custom_link&#8221;&#8230;<\/p>\n","protected":false},"author":1,"featured_media":147,"parent":0,"menu_order":0,"comment_status":"closed","ping_status":"closed","template":"","meta":{"footnotes":""},"_links":{"self":[{"href":"https:\/\/cliknews.com.ar\/index.php?rest_route=\/wp\/v2\/pages\/100"}],"collection":[{"href":"https:\/\/cliknews.com.ar\/index.php?rest_route=\/wp\/v2\/pages"}],"about":[{"href":"https:\/\/cliknews.com.ar\/index.php?rest_route=\/wp\/v2\/types\/page"}],"author":[{"embeddable":true,"href":"https:\/\/cliknews.com.ar\/index.php?rest_route=\/wp\/v2\/users\/1"}],"replies":[{"embeddable":true,"href":"https:\/\/cliknews.com.ar\/index.php?rest_route=%2Fwp%2Fv2%2Fcomments&post=100"}],"version-history":[{"count":3,"href":"https:\/\/cliknews.com.ar\/index.php?rest_route=\/wp\/v2\/pages\/100\/revisions"}],"predecessor-version":[{"id":180,"href":"https:\/\/cliknews.com.ar\/index.php?rest_route=\/wp\/v2\/pages\/100\/revisions\/180"}],"wp:featuredmedia":[{"embeddable":true,"href":"https:\/\/cliknews.com.ar\/index.php?rest_route=\/wp\/v2\/media\/147"}],"wp:attachment":[{"href":"https:\/\/cliknews.com.ar\/index.php?rest_route=%2Fwp%2Fv2%2Fmedia&parent=100"}],"curies":[{"name":"wp","href":"https:\/\/api.w.org\/{rel}","templated":true}]}}